{"id":3329,"date":"2017-08-01T12:08:18","date_gmt":"2017-08-01T12:08:18","guid":{"rendered":"https:\/\/shoppingdasbateriasaux.com.br\/?page_id=3329"},"modified":"2021-06-22T20:32:42","modified_gmt":"2021-06-22T20:32:42","slug":"services","status":"publish","type":"page","link":"https:\/\/shoppingdasbateriasaux.com.br\/?page_id=3329","title":{"rendered":"Produtos"},"content":{"rendered":"\t\t<div data-elementor-type=\"wp-page\" data-elementor-id=\"3329\" class=\"elementor elementor-3329\">\n\t\t\t\t\t\t\t\t\t<section class=\"elementor-section elementor-top-section elementor-element elementor-element-53be9a6 elementor-section-boxed elementor-section-height-default elementor-section-height-default\" data-id=\"53be9a6\" data-element_type=\"section\">\n\t\t\t\t\t\t<div class=\"elementor-container elementor-column-gap-default\">\n\t\t\t\t\t<div class=\"elementor-column elementor-col-100 elementor-top-column elementor-element elementor-element-2bf43a4\" data-id=\"2bf43a4\" data-element_type=\"column\">\n\t\t\t<div class=\"elementor-widget-wrap elementor-element-populated\">\n\t\t\t\t\t\t\t\t<div class=\"elementor-element elementor-element-82e6fff elementor-widget elementor-widget-heading\" data-id=\"82e6fff\" data-element_type=\"widget\" data-widget_type=\"heading.default\">\n\t\t\t\t<div class=\"elementor-widget-container\">\n\t\t\t<h3 class=\"elementor-heading-title elementor-size-default\">Produtos<\/h3>\t\t<\/div>\n\t\t\t\t<\/div>\n\t\t\t\t\t<\/div>\n\t\t<\/div>\n\t\t\t\t\t\t\t<\/div>\n\t\t<\/section>\n\t\t\t\t<section class=\"elementor-section elementor-top-section elementor-element elementor-element-1501557 elementor-section-boxed elementor-section-height-default elementor-section-height-default\" data-id=\"1501557\" data-element_type=\"section\">\n\t\t\t\t\t\t<div class=\"elementor-container elementor-column-gap-default\">\n\t\t\t\t\t<div class=\"elementor-column elementor-col-50 elementor-top-column elementor-element elementor-element-c90bf2b\" data-id=\"c90bf2b\" data-element_type=\"column\">\n\t\t\t<div class=\"elementor-widget-wrap elementor-element-populated\">\n\t\t\t\t\t\t\t\t<div class=\"elementor-element elementor-element-883f318 elementor-widget elementor-widget-text-editor\" data-id=\"883f318\" data-element_type=\"widget\" data-widget_type=\"text-editor.default\">\n\t\t\t\t<div class=\"elementor-widget-container\">\n\t\t\t\t\t\t\t<h3>Produtos e Servi\u00e7os<\/h3>\n<p><!-- \/wp:heading --><!-- wp:list --><\/p>\n<ul>\n<li>Baterias Estacion\u00e1rias<\/li>\n<li>Baterias para Carros<\/li>\n<li>Baterias para Caminh\u00f5es<\/li>\n<li>Baterias Automotivas<\/li>\n<li>Baterias para Jet Ski<\/li>\n<li>Baterias para Autom\u00f3veis<\/li>\n<li>Baterias para Nobreaks<\/li>\n<li>Entregas de Bateria<\/li>\n<li>Loja de Bateria em Palmas<\/li>\n<li>Loja de Bateria<\/li>\n<\/ul>\n<p><!-- \/wp:list --><!-- wp:heading {\"level\":3} --><\/p>\t\t\t\t\t\t<\/div>\n\t\t\t\t<\/div>\n\t\t\t\t\t<\/div>\n\t\t<\/div>\n\t\t\t\t<div class=\"elementor-column elementor-col-50 elementor-top-column elementor-element elementor-element-8672dcb\" data-id=\"8672dcb\" data-element_type=\"column\">\n\t\t\t<div class=\"elementor-widget-wrap elementor-element-populated\">\n\t\t\t\t\t\t\t\t<div class=\"elementor-element elementor-element-777daef elementor-widget elementor-widget-text-editor\" data-id=\"777daef\" data-element_type=\"widget\" data-widget_type=\"text-editor.default\">\n\t\t\t\t<div class=\"elementor-widget-container\">\n\t\t\t\t\t\t\t<h3>Marcas<\/h3>\n<p><!-- \/wp:heading --><!-- wp:list --><\/p>\n<ul>\n<li>Moura<\/li>\n<li>Heliar<\/li>\n<li>Ac Delco<\/li>\n<li>Erbz<\/li>\n<li>Pretolife<\/li>\n<li>Jupiter<\/li>\n<li>Marte<\/li>\n<li>Freedom Estacion\u00e1ria<\/li>\n<li>Unipower<\/li>\n<\/ul>\t\t\t\t\t\t<\/div>\n\t\t\t\t<\/div>\n\t\t\t\t\t<\/div>\n\t\t<\/div>\n\t\t\t\t\t\t\t<\/div>\n\t\t<\/section>\n\t\t\t\t\t\t\t<\/div>\n\t\t","protected":false},"excerpt":{"rendered":"<p>Produtos Produtos e Servi\u00e7os Baterias Estacion\u00e1rias Baterias para Carros Baterias para Caminh\u00f5es Baterias Automotivas Baterias para Jet Ski Baterias para Autom\u00f3veis Baterias para Nobreaks Entregas de Bateria Loja de Bateria em Palmas Loja de Bateria Marcas Moura Heliar Ac Delco Erbz Pretolife Jupiter Marte Freedom Estacion\u00e1ria Unipower<\/p>\n","protected":false},"author":1,"featured_media":0,"parent":0,"menu_order":0,"comment_status":"closed","ping_status":"closed","template":"","meta":{"footnotes":"","_joinchat":[]},"amp_enabled":true,"_links":{"self":[{"href":"https:\/\/shoppingdasbateriasaux.com.br\/index.php?rest_route=\/wp\/v2\/pages\/3329"}],"collection":[{"href":"https:\/\/shoppingdasbateriasaux.com.br\/index.php?rest_route=\/wp\/v2\/pages"}],"about":[{"href":"https:\/\/shoppingdasbateriasaux.com.br\/index.php?rest_route=\/wp\/v2\/types\/page"}],"author":[{"embeddable":true,"href":"https:\/\/shoppingdasbateriasaux.com.br\/index.php?rest_route=\/wp\/v2\/users\/1"}],"replies":[{"embeddable":true,"href":"https:\/\/shoppingdasbateriasaux.com.br\/index.php?rest_route=%2Fwp%2Fv2%2Fcomments&post=3329"}],"version-history":[{"count":5,"href":"https:\/\/shoppingdasbateriasaux.com.br\/index.php?rest_route=\/wp\/v2\/pages\/3329\/revisions"}],"predecessor-version":[{"id":3420,"href":"https:\/\/shoppingdasbateriasaux.com.br\/index.php?rest_route=\/wp\/v2\/pages\/3329\/revisions\/3420"}],"wp:attachment":[{"href":"https:\/\/shoppingdasbateriasaux.com.br\/index.php?rest_route=%2Fwp%2Fv2%2Fmedia&parent=3329"}],"curies":[{"name":"wp","href":"https:\/\/api.w.org\/{rel}","templated":true}]}}