{"id":3328,"date":"2017-08-01T12:07:51","date_gmt":"2017-08-01T12:07:51","guid":{"rendered":"https:\/\/shoppingdasbateriasaux.com.br\/?page_id=3328"},"modified":"2021-06-22T20:28:00","modified_gmt":"2021-06-22T20:28:00","slug":"about-us","status":"publish","type":"page","link":"https:\/\/shoppingdasbateriasaux.com.br\/?page_id=3328","title":{"rendered":"Loja"},"content":{"rendered":"\t\t<div data-elementor-type=\"wp-page\" data-elementor-id=\"3328\" class=\"elementor elementor-3328\">\n\t\t\t\t\t\t\t\t\t<section class=\"elementor-section elementor-top-section elementor-element elementor-element-99233d9 elementor-section-boxed elementor-section-height-default elementor-section-height-default\" data-id=\"99233d9\" data-element_type=\"section\">\n\t\t\t\t\t\t<div class=\"elementor-container elementor-column-gap-default\">\n\t\t\t\t\t<div class=\"elementor-column elementor-col-100 elementor-top-column elementor-element elementor-element-13841f2\" data-id=\"13841f2\" data-element_type=\"column\">\n\t\t\t<div class=\"elementor-widget-wrap elementor-element-populated\">\n\t\t\t\t\t\t\t\t<div class=\"elementor-element elementor-element-26ea035 elementor-widget elementor-widget-heading\" data-id=\"26ea035\" data-element_type=\"widget\" data-widget_type=\"heading.default\">\n\t\t\t\t<div class=\"elementor-widget-container\">\n\t\t\t<h3 class=\"elementor-heading-title elementor-size-default\">Loja<\/h3>\t\t<\/div>\n\t\t\t\t<\/div>\n\t\t\t\t\t<\/div>\n\t\t<\/div>\n\t\t\t\t\t\t\t<\/div>\n\t\t<\/section>\n\t\t\t\t<section class=\"elementor-section elementor-top-section elementor-element elementor-element-6c65cd5a elementor-section-boxed elementor-section-height-default elementor-section-height-default\" data-id=\"6c65cd5a\" data-element_type=\"section\">\n\t\t\t\t\t\t<div class=\"elementor-container elementor-column-gap-default\">\n\t\t\t\t\t<div class=\"elementor-column elementor-col-100 elementor-top-column elementor-element elementor-element-5734be3d\" data-id=\"5734be3d\" data-element_type=\"column\">\n\t\t\t<div class=\"elementor-widget-wrap elementor-element-populated\">\n\t\t\t\t\t\t\t\t<div class=\"elementor-element elementor-element-4d0983c9 elementor-widget elementor-widget-text-editor\" data-id=\"4d0983c9\" data-element_type=\"widget\" data-widget_type=\"text-editor.default\">\n\t\t\t\t<div class=\"elementor-widget-container\">\n\t\t\t\t\t\t\t<!-- wp:paragraph -->\n<p>O&nbsp;<strong>Shopping das Baterias&nbsp;<\/strong>\u00e9 uma empresa do ramo de varejo de baterias de carros, moto, caminh\u00e3o, trator, no-break, lumin\u00e1rias, motores estacion\u00e1rios, de gel e especiais. Estamos no mercado h\u00e1 mais de 22 anos. Entregamos e instalamos sua bateria em toda regi\u00e3o de Palmas e Taquaralto.<\/p>\n<!-- \/wp:paragraph -->\n\n<!-- wp:paragraph -->\n<p>Aqui voc\u00ea encontra de tudo em baterias de diversas marcas, modelos e para diversos fins.<\/p>\n<!-- \/wp:paragraph -->\n\n<!-- wp:list -->\n<ul><li>Baterias de carro<\/li><li>Baterias de caminh\u00e3o<\/li><li>Baterias de moto<\/li><li>Baterias de trator<\/li><li>Baterias no break<\/li><li>Baterias estacion\u00e1rias<\/li><li>Baterias de gel<\/li><li>Baterias n\u00e1uticas<\/li><\/ul>\n<!-- \/wp:list -->\n\n<!-- wp:paragraph -->\n<p>Contamos com uma assist\u00eancia t\u00e9cnica super avan\u00e7ada com toda aparelhagem que o mercado necessita para as an\u00e1lises e testes de baterias.<br>Baterias com at\u00e9 2 anos de garantia! Entrega e instala\u00e7\u00e3o gr\u00e1tis!<\/p>\n<!-- \/wp:paragraph -->\n\n<!-- wp:paragraph -->\n<p>Dispomos de duas unidades para melhor atend\u00ea-lo.&nbsp;Encontre uma mais pr\u00f3xima ou ligue que vamos at\u00e9 voc\u00ea!<\/p>\n<!-- \/wp:paragraph -->\n\n<!-- wp:paragraph -->\n<p><strong>Shopping das Baterias &#8211; Bateria em Aragua\u00edna <\/strong><\/p>\n<!-- \/wp:paragraph -->\n\n<!-- wp:paragraph -->\n<p><strong>Loja 1<\/strong>\u00a0&#8211; Av &#8211; Aragua\u00edna &#8211; TO\u00a0\u00a0<br>Tel: (63) <\/p>\n<!-- \/wp:paragraph -->\n\n<!-- wp:paragraph -->\n<p>Aceitamos cart\u00e3o de cr\u00e9dito e d\u00e9bito.\u00a0Levamos a maquininha, mesmo na emerg\u00eancia pague com o seu cart\u00e3o.<\/p>\n<!-- \/wp:paragraph -->\t\t\t\t\t\t<\/div>\n\t\t\t\t<\/div>\n\t\t\t\t\t<\/div>\n\t\t<\/div>\n\t\t\t\t\t\t\t<\/div>\n\t\t<\/section>\n\t\t\t\t\t\t\t<\/div>\n\t\t","protected":false},"excerpt":{"rendered":"<p>Loja O&nbsp;Shopping das Baterias&nbsp;\u00e9 uma empresa do ramo de varejo de baterias de carros, moto, caminh\u00e3o, trator, no-break, lumin\u00e1rias, motores estacion\u00e1rios, de gel e especiais. Estamos no mercado h\u00e1 mais de 22 anos. Entregamos e instalamos sua bateria em toda regi\u00e3o de Palmas e Taquaralto. Aqui voc\u00ea encontra de tudo em baterias de diversas marcas, &hellip;<\/p>\n<p class=\"read-more\"> <a class=\"\" href=\"https:\/\/shoppingdasbateriasaux.com.br\/?page_id=3328\"> <span class=\"screen-reader-text\">Loja<\/span> Leia mais &raquo;<\/a><\/p>\n","protected":false},"author":1,"featured_media":0,"parent":0,"menu_order":0,"comment_status":"closed","ping_status":"closed","template":"","meta":{"footnotes":"","_joinchat":[]},"amp_enabled":true,"_links":{"self":[{"href":"https:\/\/shoppingdasbateriasaux.com.br\/index.php?rest_route=\/wp\/v2\/pages\/3328"}],"collection":[{"href":"https:\/\/shoppingdasbateriasaux.com.br\/index.php?rest_route=\/wp\/v2\/pages"}],"about":[{"href":"https:\/\/shoppingdasbateriasaux.com.br\/index.php?rest_route=\/wp\/v2\/types\/page"}],"author":[{"embeddable":true,"href":"https:\/\/shoppingdasbateriasaux.com.br\/index.php?rest_route=\/wp\/v2\/users\/1"}],"replies":[{"embeddable":true,"href":"https:\/\/shoppingdasbateriasaux.com.br\/index.php?rest_route=%2Fwp%2Fv2%2Fcomments&post=3328"}],"version-history":[{"count":5,"href":"https:\/\/shoppingdasbateriasaux.com.br\/index.php?rest_route=\/wp\/v2\/pages\/3328\/revisions"}],"predecessor-version":[{"id":3415,"href":"https:\/\/shoppingdasbateriasaux.com.br\/index.php?rest_route=\/wp\/v2\/pages\/3328\/revisions\/3415"}],"wp:attachment":[{"href":"https:\/\/shoppingdasbateriasaux.com.br\/index.php?rest_route=%2Fwp%2Fv2%2Fmedia&parent=3328"}],"curies":[{"name":"wp","href":"https:\/\/api.w.org\/{rel}","templated":true}]}}